{"id":565,"date":"2023-02-14T17:34:37","date_gmt":"2023-02-14T17:34:37","guid":{"rendered":"https:\/\/acsinserta.com\/?page_id=565"},"modified":"2023-02-16T16:33:35","modified_gmt":"2023-02-16T16:33:35","slug":"politica-de-cookies","status":"publish","type":"page","link":"https:\/\/acsinserta.com\/index.php\/politica-de-cookies\/","title":{"rendered":"Pol\u00edtica de cookies"},"content":{"rendered":"\t\t<div data-elementor-type=\"wp-page\" data-elementor-id=\"565\" class=\"elementor elementor-565\" data-elementor-post-type=\"page\">\n\t\t\t\t\t\t<section class=\"elementor-section elementor-top-section elementor-element elementor-element-2360a81 elementor-section-boxed elementor-section-height-default elementor-section-height-default\" data-id=\"2360a81\" data-element_type=\"section\" data-e-type=\"section\">\n\t\t\t\t\t\t<div class=\"elementor-container elementor-column-gap-default\">\n\t\t\t\t\t<div class=\"elementor-column elementor-col-100 elementor-top-column elementor-element elementor-element-819d8e1\" data-id=\"819d8e1\" data-element_type=\"column\" data-e-type=\"column\">\n\t\t\t<div class=\"elementor-widget-wrap elementor-element-populated\">\n\t\t\t\t\t\t<div class=\"elementor-element elementor-element-8928905 elementor-widget elementor-widget-heading\" data-id=\"8928905\" data-element_type=\"widget\" data-e-type=\"widget\" data-widget_type=\"heading.default\">\n\t\t\t\t<div class=\"elementor-widget-container\">\n\t\t\t\t\t<h2 class=\"elementor-heading-title elementor-size-default\">Pol\u00edtica de Cookies<\/h2>\t\t\t\t<\/div>\n\t\t\t\t<\/div>\n\t\t\t\t\t<\/div>\n\t\t<\/div>\n\t\t\t\t\t<\/div>\n\t\t<\/section>\n\t\t\t\t<section class=\"elementor-section elementor-top-section elementor-element elementor-element-14931eb elementor-section-boxed elementor-section-height-default elementor-section-height-default\" data-id=\"14931eb\" data-element_type=\"section\" data-e-type=\"section\">\n\t\t\t\t\t\t<div class=\"elementor-container elementor-column-gap-default\">\n\t\t\t\t\t<div class=\"elementor-column elementor-col-100 elementor-top-column elementor-element elementor-element-42b1e32\" data-id=\"42b1e32\" data-element_type=\"column\" data-e-type=\"column\">\n\t\t\t<div class=\"elementor-widget-wrap elementor-element-populated\">\n\t\t\t\t\t\t<div class=\"elementor-element elementor-element-6e27d91 elementor-widget elementor-widget-text-editor\" data-id=\"6e27d91\" data-element_type=\"widget\" data-e-type=\"widget\" data-widget_type=\"text-editor.default\">\n\t\t\t\t<div class=\"elementor-widget-container\">\n\t\t\t\t\t\t\t\t\t<h3>\u00bfQu\u00e9 son las cookies?<\/h3><p>En ingl\u00e9s, el t\u00e9rmino \u00abcookie\u00bb significa galleta, pero en el \u00e1mbito de la navegaci\u00f3n web, una \u00abcookie\u00bb es algo completamente distinto. Cuando accede a nuestro Sitio Web, en el navegador de su dispositivo se almacena una peque\u00f1a cantidad de texto que se denomina \u00abcookie\u00bb. Este texto contiene informaci\u00f3n variada sobre su navegaci\u00f3n, h\u00e1bitos, preferencias, personalizaciones de contenidos, etc&#8230;<\/p><p>Existen otras tecnolog\u00edas que funcionan de manera similar y que tambi\u00e9n se usan para recopilar datos sobre tu actividad de navegaci\u00f3n. Llamaremos \u00abcookies\u00bb a todas estas tecnolog\u00edas en su conjunto.<\/p><p>Los usos concretos que hacemos de estas tecnolog\u00edas se describen en el presente documento.<\/p><h3>\u00bfPara qu\u00e9 se utilizan las cookies en esta web?<\/h3><p>Las cookies son una parte esencial de c\u00f3mo funciona el Sitio Web. El objetivo principal de nuestras cookies es mejorar su experiencia en la navegaci\u00f3n. Por ejemplo, para recordar sus preferencias (idioma, pa\u00eds, etc.) durante la navegaci\u00f3n y en futuras visitas. La informaci\u00f3n recogida en las cookies nos permite adem\u00e1s mejorar la web, adaptarla a sus intereses como usuario, acelerar las b\u00fasquedas que realice, etc..<\/p><p>En determinados casos, si hemos obtenido su previo consentimiento informado, podremos utilizar cookies para otros usos, como por ejemplo para obtener informaci\u00f3n que nos permita mostrarle publicidad basada en el an\u00e1lisis de sus h\u00e1bitos de navegaci\u00f3n.<\/p><h3>\u00bfPara qu\u00e9 NO se utilizan las cookies en esta web?<\/h3><p>En las cookies que utilizamos no se almacena informaci\u00f3n sensible de identificaci\u00f3n personal como su nombre, direcci\u00f3n, tu contrase\u00f1a, etc&#8230;<\/p><h3>\u00bfQui\u00e9n utiliza la informaci\u00f3n almacenada en las cookies?<\/h3><p>La informaci\u00f3n almacenada en las cookies de nuestro Sitio Web es utilizada exclusivamente por nosotros, a excepci\u00f3n de aquellas identificadas m\u00e1s adelante como \u00abcookie de terceros\u00bb, que son utilizadas y gestionadas por entidades externas que nos proporcionan servicios que mejoran la experiencia del usuario. Por ejemplo las estad\u00edsticas que se recogen sobre el n\u00famero de visitas, el contenido que m\u00e1s gusta, etc&#8230;<\/p><p>Las cookies de terceros tambi\u00e9n se suelen utilizar para garantizar las operaciones de pago realizadas a trav\u00e9s del Sitio Web.<\/p><h3>\u00bfC\u00f3mo puede evitar el uso de cookies en este Sitio Web?<\/h3><p>Si prefiere evitar el uso de las cookies, puede RECHAZAR su uso o puede CONFIGURAR las que quiere evitar y las que permite utilizar (en este documento le damos informaci\u00f3n ampliada al respecto de cada tipo de cookie, su finalidad, destinatario, temporalidad, etc&#8230; ).<\/p><p>Si las ha aceptado, no volveremos a preguntarle a menos que borre las cookies en su dispositivo seg\u00fan se indica en el apartado siguiente. Si quiere revocar el consentimiento tendr\u00e1 que eliminar las cookies y volver a configurarlas.<\/p><h3>\u00bfQu\u00e9 tipos de cookies se utilizan en esta p\u00e1gina web?<\/h3><p>Cada p\u00e1gina web utiliza sus propias cookies. En nuestra web utilizamos las que se indican a continuaci\u00f3n:<\/p><p><b>SEG\u00daN LA ENTIDAD QUE LO GESTIONA<\/b><\/p><p><b>Cookies propias:<\/b><\/p><p>Son las que se env\u00edan al equipo terminal del Usuario desde un equipo o dominio gestionado por el propio editor y desde el que se presta el servicio solicitado por el Usuario.<\/p><p><b>Cookies de terceros:<\/b><\/p><p>Se env\u00edan al equipo terminal del Usuario desde un equipo o dominio que no es gestionado por el editor, sino por otra entidad que trata los datos obtenidos trav\u00e9s de las cookies.<\/p><p>En el caso de que las cookies sean servidas desde un equipo o dominio gestionado por el propio editor, pero la informaci\u00f3n que se recoja mediante estas sea gestionada por un tercero, no pueden ser consideradas como cookies propias si el tercero las utiliza para sus propias finalidades (por ejemplo, la mejora de los servicios que presta o la prestaci\u00f3n de servicios de car\u00e1cter publicitario a favor de otras entidades).<\/p><p><b>SEG\u00daN SU FINALIDAD<\/b><\/p><p><b>Cookies t\u00e9cnicas:<\/b><\/p><p>Son necesarias para la navegaci\u00f3n y el buen funcionamiento de nuestro Sitio Web, como por ejemplo, controlar el tr\u00e1fico y la comunicaci\u00f3n de datos, identificar la sesi\u00f3n, acceder a partes de acceso restringido,recordar los elementos que integran un pedido, realizar el proceso de compra de un pedido, gestionar el pago, controlar el fraude vinculado a la seguridad del servicio, realizar la solicitud de inscripci\u00f3n o participaci\u00f3n en un evento, contar visitas a efectos de la facturaci\u00f3n de licencias del software con el que funciona el servicio del Sitio Web, utilizar elementos de seguridad durante la navegaci\u00f3n, almacenar contenidos para la difusi\u00f3n de v\u00eddeos o sonido, habilitar contenidos din\u00e1micos (por ejemplo, animaci\u00f3n de carga de un texto o imagen).<\/p><p><b>Cookies de an\u00e1lisis:<\/b><\/p><p>Permiten cuantificar el n\u00famero de usuarios y as\u00ed realizar la medici\u00f3n y an\u00e1lisis estad\u00edstico de la utilizaci\u00f3n que hacen los usuarios del Sitio Web. Para ello se analiza su navegaci\u00f3n en nuestro Sitio Web con el fin de mejorar la oferta de productos o servicios que le ofrecemos.<\/p><p><b>Cookies de preferencias o personalizaci\u00f3n:<\/b><\/p><p>Permiten recordar informaci\u00f3n para que el Usuario acceda al servicio con determinadas caracter\u00edsticas que pueden diferenciar su experiencia de la de otros usuarios, como, por ejemplo, el idioma, el n\u00famero de resultados a mostrar cuando el Usuario realiza una b\u00fasqueda, el aspecto o contenido del servicio en funci\u00f3n del tipo de navegador a trav\u00e9s del cual el Usuario accede al servicio o de la regi\u00f3n desde la que accede al servicio, etc.<\/p><p><b>SEG\u00daN EL PLAZO DE TIEMPO QUE PERMANECEN ACTIVADAS<\/b><\/p><p><b>Cookies de sesi\u00f3n:<\/b><\/p><p>Est\u00e1n dise\u00f1adas para recabar y almacenar datos mientras el Usuario accede a una p\u00e1gina web.<\/p><p>Se suelen emplear para almacenar informaci\u00f3n que solo interesa conservar para la prestaci\u00f3n del servicio solicitado por el Usuario en una sola ocasi\u00f3n (por ejemplo, una lista de productos adquiridos) y desaparecen al terminar la sesi\u00f3n.<\/p><p><b>Cookies persistentes:<\/b><\/p><p>En estas cookies los datos siguen almacenados en el terminal y pueden ser accedidos y tratados durante un periodo definido por el responsable de la cookie, y que puede ir de unos minutos a varios a\u00f1os. A este respecto debe valorarse espec\u00edficamente si es necesaria la utilizaci\u00f3n de cookies persistentes, puesto que los riesgos para la privacidad podr\u00edan reducirse mediante la utilizaci\u00f3n de cookies de sesi\u00f3n. En todo caso, cuando se instalen cookies persistentes, se recomienda reducir al m\u00ednimo necesario su duraci\u00f3n temporal atendiendo a la finalidad de su uso. A estos efectos, el Dictamen 4\/2012 del GT29 indic\u00f3 que para que una cookie pueda estar exenta del deber de consentimiento informado, su caducidad debe estar relacionada con su finalidad. Debido a ello, es mucho m\u00e1s probable que se consideren como exceptuadas las cookies de sesi\u00f3n que las persistentes.<\/p><p>\u00a0<\/p><h3 style=\"font-style: normal;\"><span style=\"color: var(--ast-global-color-2); font-size: 2.5rem; font-style: inherit; background-color: var(--ast-global-color-4);\">\u00a0<\/span><\/h3><h3 style=\"font-style: normal;\"><span style=\"color: var(--ast-global-color-2); font-size: 2.5rem; font-style: inherit; background-color: var(--ast-global-color-4);\">Tipos de cookies utilizadas en el Sitio Web:<\/span><\/h3><div><p>El Sitio Web utiliza los siguientes tipos de cookies:<\/p><ul><li><strong>Cookies publicitarias<\/strong>: Son aquellas gestionadas por un tercero con objetivos publicitarios, contienen un valor \u00fanico generado de forma aleatoria que permite a la herramienta diferenciar entre dispositivos y navegadores, siendo dicha informaci\u00f3n utilizada para la medici\u00f3n de los anuncios y recomendaci\u00f3n de productos.<\/li><li><strong>Cookies anal\u00edticas<\/strong>: Cuando el usuario se introduce en el Sitio Web, a trav\u00e9s de esta herramienta se recopila informaci\u00f3n an\u00f3nima de manera est\u00e1ndar sobre la navegaci\u00f3n del usuario y sus patrones de comportamiento.<\/li><\/ul><p>A continuaci\u00f3n, se detallan qu\u00e9 empresas son los que utilizan las cookies de anal\u00edtica y de publicidad en el Sitio Web:<\/p><h4>Google<\/h4><p><a href=\"https:\/\/policies.google.com\/technologies\/cookies?hl=es\" target=\"_blank\" rel=\"noopener\">https:\/\/policies.google.com\/technologies\/cookies?hl=es<\/a><\/p><p>Listado de cookies habilitadas:<\/p><p>Google Analytics:<\/p><ul><li>__utma<\/li><li>__utmb<\/li><li>__utmc<\/li><li>__utmz<\/li><li>__utmv<\/li><\/ul><p><strong>Deshabilitar las cookies.<\/strong><\/p><p>Todos los navegadores permiten hacer cambios para desactivar la configuraci\u00f3n de las cookies. Este es el motivo por el que la mayor\u00eda de navegadores ofrecen la posibilidad de administrar las cookies, para obtener un control m\u00e1s preciso sobre la privacidad.<\/p><p>Estos ajustes se encuentran ubicados en las \u00abopciones\u00bb o \u00abpreferencias\u00bb del men\u00fa de su navegador.<\/p><p>A continuaci\u00f3n podr\u00e1 encontrar los links de cada navegador para deshabilitar las cookies siguiendo las instrucciones:<br \/><strong>Internet Explorer\u00a0<\/strong>(<a href=\"http:\/\/goo.gl\/vFM6gb\" target=\"_blank\" rel=\"noopener\">http:\/\/goo.gl\/vFM6gb<\/a>)<\/p><ul><li>En el men\u00fa de herramientas, seleccione \u201cOpciones de Internet\u201d.<\/li><li>Haga clic en la pesta\u00f1a de privacidad.<\/li><li>Podr\u00e1 configurar la privacidad con un cursor con seis posiciones que le permite controlar la cantidad de cookies que se instalar\u00e1n: Bloquear todas las cookies, Alta, Media Alto, Media (nivel por defecto), Baja, y Aceptar todas las cookies.<\/li><\/ul><p><strong>Mozilla Firefox\u00a0<\/strong>(<a href=\"http:\/\/goo.gl\/QXWYmv\" target=\"_blank\" rel=\"noopener\">http:\/\/goo.gl\/QXWYmv<\/a>)<\/p><ul><li>En la parte superior de la ventana de Firefox hacer clic en el men\u00fa Herramientas.<\/li><li>Seleccionar Opciones.<\/li><li>Seleccionar el panel Privacidad.<\/li><li>En la opci\u00f3n Firefox podr\u00e1 elegir Usar una configuraci\u00f3n personalizada para el historial para configurar las opciones.<\/li><\/ul><p><strong>Google Chrome\u00a0<\/strong>(<a href=\"http:\/\/goo.gl\/fQnkSB\" target=\"_blank\" rel=\"noopener\">http:\/\/goo.gl\/fQnkSB<\/a>)<\/p><ul><li>Hacer clic en el men\u00fa situado en la barra de herramientas.<\/li><li>Seleccionar Configuraci\u00f3n.<\/li><li>Hacer clic en Mostar opciones avanzadas.<\/li><li>En la secci\u00f3n &#8216;Privacidad&#8217; hacer clic en el bot\u00f3n Configuraci\u00f3n de contenido.<\/li><li>En la secci\u00f3n de &#8216;Cookies&#8217; se pueden configurar las opciones.<\/li><\/ul><p><strong>Safari\u00a0<\/strong>(<a href=\"https:\/\/goo.gl\/PCjEm3\" target=\"_blank\" rel=\"noopener\">https:\/\/goo.gl\/PCjEm3<\/a>\u00a0\/\u00a0<a href=\"https:\/\/goo.gl\/dQywEo\" target=\"_blank\" rel=\"noopener\">https:\/\/goo.gl\/dQywEo<\/a>)<\/p><ul><li>En el men\u00fa de configuraci\u00f3n, seleccione la opci\u00f3n de \u201cpreferencias\u201d.<\/li><li>Abra la pesta\u00f1a de privacidad.<\/li><li>Seleccione la opci\u00f3n que quiera de la secci\u00f3n de \u201cbloquear cookies\u201d.<\/li><li>Recuerde que ciertas funciones y la plena funcionalidad del Sitio pueden no estar disponibles despu\u00e9s de deshabilitar los cookies.<\/li><\/ul><p>Si desea no ser rastreado por las cookies, Google ha desarrollado un complemento para instalar en su navegador al que puede acceder en el siguiente enlace:\u00a0<a href=\"http:\/\/goo.gl\/up4ND\" target=\"_blank\" rel=\"noopener\">http:\/\/goo.gl\/up4ND<\/a>.<\/p><p><strong>Cookies en los dispositivos m\u00f3viles.<\/strong><br \/>El Sitio Web tambi\u00e9n usa cookies u otros dispositivos de almacenamiento en dispositivos m\u00f3viles.<\/p><p>Al igual que sucede en los navegadores de ordenadores, lo navegadores de los dispositivos m\u00f3viles permiten realizar cambios en las opciones o ajustes de privacidad para desactivar o eliminar las cookies.<\/p><p>Si desea modificar las opciones de privacidad siga las instrucciones especificadas por el desarrollador de su navegador para dispositivo m\u00f3vil.<\/p><p>A continuaci\u00f3n podr\u00e1 encontrar algunos ejemplos de los links que le guiar\u00e1n para modificar las opciones de privacidad en su dispositivo m\u00f3vil:<br \/><strong>IOS:<\/strong>\u00a0<a href=\"http:\/\/goo.gl\/61xevS\" target=\"_blank\" rel=\"noopener\">(http:\/\/goo.gl\/61xevS)<\/a><br \/><strong>Windows Phone:<\/strong>\u00a0<a href=\"http:\/\/goo.gl\/Rx8QQ\" target=\"_blank\" rel=\"noopener\">(http:\/\/goo.gl\/Rx8QQ)<\/a><br \/><strong>Chrome Mobile:<\/strong>\u00a0<a href=\"http:\/\/goo.gl\/XJp7N\" target=\"_blank\" rel=\"noopener\">(http:\/\/goo.gl\/XJp7N)<\/a><br \/><strong>Opera Mobile:<\/strong>\u00a0<a href=\"http:\/\/goo.gl\/Nzr8s7\" target=\"_blank\" rel=\"noopener\">(http:\/\/goo.gl\/Nzr8s7)<\/a><\/p><p><strong>Aceptaci\u00f3n de cookies.<\/strong><br \/>Si usted contin\u00faa su navegaci\u00f3n, entenderemos que acepta la utilizaci\u00f3n de las cookies por parte del Sitio Web.<\/p><p>Le informamos que en el caso de bloquear o no aceptar la instalaci\u00f3n de cookies, es posible que ciertos servicios no est\u00e9n disponibles sin la utilizaci\u00f3n de \u00e9stas o que no pueda acceder a determinados servicios ni tampoco aprovechar por completo todo lo que este Sitio Web le ofrece.<\/p><p>Para m\u00e1s informaci\u00f3n, puede consultar la gu\u00eda sobre el uso de las cookies de la Agencia Espa\u00f1ola de Protecci\u00f3n de Datos.<\/p><\/div>\t\t\t\t\t\t\t\t<\/div>\n\t\t\t\t<\/div>\n\t\t\t\t\t<\/div>\n\t\t<\/div>\n\t\t\t\t\t<\/div>\n\t\t<\/section>\n\t\t\t\t<\/div>\n\t\t","protected":false},"excerpt":{"rendered":"<p>Pol\u00edtica de Cookies \u00bfQu\u00e9 son las cookies? En ingl\u00e9s, el t\u00e9rmino \u00abcookie\u00bb significa galleta, pero en el \u00e1mbito de la navegaci\u00f3n web, una \u00abcookie\u00bb es algo completamente distinto. Cuando accede a nuestro Sitio Web, en el navegador de su dispositivo se almacena una peque\u00f1a cantidad de texto que se denomina \u00abcookie\u00bb. Este texto contiene informaci\u00f3n &hellip;<\/p>\n<p class=\"read-more\"> <a class=\"\" href=\"https:\/\/acsinserta.com\/index.php\/politica-de-cookies\/\"> <span class=\"screen-reader-text\">Pol\u00edtica de cookies<\/span> Leer m\u00e1s &raquo;<\/a><\/p>\n","protected":false},"author":1,"featured_media":0,"parent":0,"menu_order":0,"comment_status":"closed","ping_status":"closed","template":"","meta":{"site-sidebar-layout":"no-sidebar","site-content-layout":"page-builder","ast-global-header-display":"","ast-banner-title-visibility":"","ast-main-header-display":"","ast-hfb-above-header-display":"","ast-hfb-below-header-display":"","ast-hfb-mobile-header-display":"","site-post-title":"disabled","ast-breadcrumbs-content":"","ast-featured-img":"disabled","footer-sml-layout":"","theme-transparent-header-meta":"","adv-header-id-meta":"","stick-header-meta":"","header-above-stick-meta":"","header-main-stick-meta":"","header-below-stick-meta":"","footnotes":""},"class_list":["post-565","page","type-page","status-publish","hentry"],"yoast_head":"<!-- This site is optimized with the Yoast SEO plugin v27.5 - https:\/\/yoast.com\/product\/yoast-seo-wordpress\/ -->\n<title>Pol\u00edtica de cookies - ACS Inserta<\/title>\n<meta name=\"robots\" content=\"noindex, nofollow\" \/>\n<meta property=\"og:locale\" content=\"es_ES\" \/>\n<meta property=\"og:type\" content=\"article\" \/>\n<meta property=\"og:title\" content=\"Pol\u00edtica de cookies - ACS Inserta\" \/>\n<meta property=\"og:description\" content=\"Pol\u00edtica de Cookies \u00bfQu\u00e9 son las cookies? En ingl\u00e9s, el t\u00e9rmino \u00abcookie\u00bb significa galleta, pero en el \u00e1mbito de la navegaci\u00f3n web, una \u00abcookie\u00bb es algo completamente distinto. Cuando accede a nuestro Sitio Web, en el navegador de su dispositivo se almacena una peque\u00f1a cantidad de texto que se denomina \u00abcookie\u00bb. Este texto contiene informaci\u00f3n &hellip; Pol\u00edtica de cookies Leer m\u00e1s &raquo;\" \/>\n<meta property=\"og:url\" content=\"https:\/\/acsinserta.com\/index.php\/politica-de-cookies\/\" \/>\n<meta property=\"og:site_name\" content=\"ACS Inserta\" \/>\n<meta property=\"article:publisher\" content=\"https:\/\/www.facebook.com\/afs.cee\" \/>\n<meta property=\"article:modified_time\" content=\"2023-02-16T16:33:35+00:00\" \/>\n<meta name=\"twitter:card\" content=\"summary_large_image\" \/>\n<meta name=\"twitter:label1\" content=\"Tiempo de lectura\" \/>\n\t<meta name=\"twitter:data1\" content=\"8 minutos\" \/>\n<script type=\"application\/ld+json\" class=\"yoast-schema-graph\">{\"@context\":\"https:\\\/\\\/schema.org\",\"@graph\":[{\"@type\":\"WebPage\",\"@id\":\"https:\\\/\\\/acsinserta.com\\\/index.php\\\/politica-de-cookies\\\/\",\"url\":\"https:\\\/\\\/acsinserta.com\\\/index.php\\\/politica-de-cookies\\\/\",\"name\":\"Pol\u00edtica de cookies - ACS Inserta\",\"isPartOf\":{\"@id\":\"https:\\\/\\\/acsinserta.com\\\/#website\"},\"datePublished\":\"2023-02-14T17:34:37+00:00\",\"dateModified\":\"2023-02-16T16:33:35+00:00\",\"breadcrumb\":{\"@id\":\"https:\\\/\\\/acsinserta.com\\\/index.php\\\/politica-de-cookies\\\/#breadcrumb\"},\"inLanguage\":\"es\",\"potentialAction\":[{\"@type\":\"ReadAction\",\"target\":[\"https:\\\/\\\/acsinserta.com\\\/index.php\\\/politica-de-cookies\\\/\"]}]},{\"@type\":\"BreadcrumbList\",\"@id\":\"https:\\\/\\\/acsinserta.com\\\/index.php\\\/politica-de-cookies\\\/#breadcrumb\",\"itemListElement\":[{\"@type\":\"ListItem\",\"position\":1,\"name\":\"Portada\",\"item\":\"https:\\\/\\\/acsinserta.com\\\/\"},{\"@type\":\"ListItem\",\"position\":2,\"name\":\"Pol\u00edtica de cookies\"}]},{\"@type\":\"WebSite\",\"@id\":\"https:\\\/\\\/acsinserta.com\\\/#website\",\"url\":\"https:\\\/\\\/acsinserta.com\\\/\",\"name\":\"ACS Inserta\",\"description\":\"Centro especial de empleo y servicios integrales\",\"publisher\":{\"@id\":\"https:\\\/\\\/acsinserta.com\\\/#organization\"},\"potentialAction\":[{\"@type\":\"SearchAction\",\"target\":{\"@type\":\"EntryPoint\",\"urlTemplate\":\"https:\\\/\\\/acsinserta.com\\\/?s={search_term_string}\"},\"query-input\":{\"@type\":\"PropertyValueSpecification\",\"valueRequired\":true,\"valueName\":\"search_term_string\"}}],\"inLanguage\":\"es\"},{\"@type\":\"Organization\",\"@id\":\"https:\\\/\\\/acsinserta.com\\\/#organization\",\"name\":\"ACS Inserta\",\"url\":\"https:\\\/\\\/acsinserta.com\\\/\",\"logo\":{\"@type\":\"ImageObject\",\"inLanguage\":\"es\",\"@id\":\"https:\\\/\\\/acsinserta.com\\\/#\\\/schema\\\/logo\\\/image\\\/\",\"url\":\"https:\\\/\\\/acsinserta.com\\\/wp-content\\\/uploads\\\/2023\\\/02\\\/LogoACSINSERTA.png\",\"contentUrl\":\"https:\\\/\\\/acsinserta.com\\\/wp-content\\\/uploads\\\/2023\\\/02\\\/LogoACSINSERTA.png\",\"width\":300,\"height\":170,\"caption\":\"ACS Inserta\"},\"image\":{\"@id\":\"https:\\\/\\\/acsinserta.com\\\/#\\\/schema\\\/logo\\\/image\\\/\"},\"sameAs\":[\"https:\\\/\\\/www.facebook.com\\\/afs.cee\"]}]}<\/script>\n<!-- \/ Yoast SEO plugin. -->","yoast_head_json":{"title":"Pol\u00edtica de cookies - ACS Inserta","robots":{"index":"noindex","follow":"nofollow"},"og_locale":"es_ES","og_type":"article","og_title":"Pol\u00edtica de cookies - ACS Inserta","og_description":"Pol\u00edtica de Cookies \u00bfQu\u00e9 son las cookies? En ingl\u00e9s, el t\u00e9rmino \u00abcookie\u00bb significa galleta, pero en el \u00e1mbito de la navegaci\u00f3n web, una \u00abcookie\u00bb es algo completamente distinto. Cuando accede a nuestro Sitio Web, en el navegador de su dispositivo se almacena una peque\u00f1a cantidad de texto que se denomina \u00abcookie\u00bb. Este texto contiene informaci\u00f3n &hellip; Pol\u00edtica de cookies Leer m\u00e1s &raquo;","og_url":"https:\/\/acsinserta.com\/index.php\/politica-de-cookies\/","og_site_name":"ACS Inserta","article_publisher":"https:\/\/www.facebook.com\/afs.cee","article_modified_time":"2023-02-16T16:33:35+00:00","twitter_card":"summary_large_image","twitter_misc":{"Tiempo de lectura":"8 minutos"},"schema":{"@context":"https:\/\/schema.org","@graph":[{"@type":"WebPage","@id":"https:\/\/acsinserta.com\/index.php\/politica-de-cookies\/","url":"https:\/\/acsinserta.com\/index.php\/politica-de-cookies\/","name":"Pol\u00edtica de cookies - ACS Inserta","isPartOf":{"@id":"https:\/\/acsinserta.com\/#website"},"datePublished":"2023-02-14T17:34:37+00:00","dateModified":"2023-02-16T16:33:35+00:00","breadcrumb":{"@id":"https:\/\/acsinserta.com\/index.php\/politica-de-cookies\/#breadcrumb"},"inLanguage":"es","potentialAction":[{"@type":"ReadAction","target":["https:\/\/acsinserta.com\/index.php\/politica-de-cookies\/"]}]},{"@type":"BreadcrumbList","@id":"https:\/\/acsinserta.com\/index.php\/politica-de-cookies\/#breadcrumb","itemListElement":[{"@type":"ListItem","position":1,"name":"Portada","item":"https:\/\/acsinserta.com\/"},{"@type":"ListItem","position":2,"name":"Pol\u00edtica de cookies"}]},{"@type":"WebSite","@id":"https:\/\/acsinserta.com\/#website","url":"https:\/\/acsinserta.com\/","name":"ACS Inserta","description":"Centro especial de empleo y servicios integrales","publisher":{"@id":"https:\/\/acsinserta.com\/#organization"},"potentialAction":[{"@type":"SearchAction","target":{"@type":"EntryPoint","urlTemplate":"https:\/\/acsinserta.com\/?s={search_term_string}"},"query-input":{"@type":"PropertyValueSpecification","valueRequired":true,"valueName":"search_term_string"}}],"inLanguage":"es"},{"@type":"Organization","@id":"https:\/\/acsinserta.com\/#organization","name":"ACS Inserta","url":"https:\/\/acsinserta.com\/","logo":{"@type":"ImageObject","inLanguage":"es","@id":"https:\/\/acsinserta.com\/#\/schema\/logo\/image\/","url":"https:\/\/acsinserta.com\/wp-content\/uploads\/2023\/02\/LogoACSINSERTA.png","contentUrl":"https:\/\/acsinserta.com\/wp-content\/uploads\/2023\/02\/LogoACSINSERTA.png","width":300,"height":170,"caption":"ACS Inserta"},"image":{"@id":"https:\/\/acsinserta.com\/#\/schema\/logo\/image\/"},"sameAs":["https:\/\/www.facebook.com\/afs.cee"]}]}},"_links":{"self":[{"href":"https:\/\/acsinserta.com\/index.php\/wp-json\/wp\/v2\/pages\/565","targetHints":{"allow":["GET"]}}],"collection":[{"href":"https:\/\/acsinserta.com\/index.php\/wp-json\/wp\/v2\/pages"}],"about":[{"href":"https:\/\/acsinserta.com\/index.php\/wp-json\/wp\/v2\/types\/page"}],"author":[{"embeddable":true,"href":"https:\/\/acsinserta.com\/index.php\/wp-json\/wp\/v2\/users\/1"}],"replies":[{"embeddable":true,"href":"https:\/\/acsinserta.com\/index.php\/wp-json\/wp\/v2\/comments?post=565"}],"version-history":[{"count":32,"href":"https:\/\/acsinserta.com\/index.php\/wp-json\/wp\/v2\/pages\/565\/revisions"}],"predecessor-version":[{"id":972,"href":"https:\/\/acsinserta.com\/index.php\/wp-json\/wp\/v2\/pages\/565\/revisions\/972"}],"wp:attachment":[{"href":"https:\/\/acsinserta.com\/index.php\/wp-json\/wp\/v2\/media?parent=565"}],"curies":[{"name":"wp","href":"https:\/\/api.w.org\/{rel}","templated":true}]}}