{"id":1263,"date":"2023-09-11T07:27:47","date_gmt":"2023-09-11T07:27:47","guid":{"rendered":"https:\/\/acsinserta.com\/?page_id=1263"},"modified":"2023-09-11T07:28:53","modified_gmt":"2023-09-11T07:28:53","slug":"politica-de-calidad","status":"publish","type":"page","link":"https:\/\/acsinserta.com\/index.php\/politica-de-calidad\/","title":{"rendered":"Pol\u00edtica de calidad"},"content":{"rendered":"\t\t<div data-elementor-type=\"wp-page\" data-elementor-id=\"1263\" class=\"elementor elementor-1263\" data-elementor-post-type=\"page\">\n\t\t\t\t\t\t<section class=\"elementor-section elementor-top-section elementor-element elementor-element-b3c8a5f elementor-section-boxed elementor-section-height-default elementor-section-height-default\" data-id=\"b3c8a5f\" data-element_type=\"section\" data-e-type=\"section\">\n\t\t\t\t\t\t<div class=\"elementor-container elementor-column-gap-default\">\n\t\t\t\t\t<div class=\"elementor-column elementor-col-100 elementor-top-column elementor-element elementor-element-23d28f3\" data-id=\"23d28f3\" data-element_type=\"column\" data-e-type=\"column\">\n\t\t\t<div class=\"elementor-widget-wrap elementor-element-populated\">\n\t\t\t\t\t\t<div class=\"elementor-element elementor-element-0ef9268 elementor-widget elementor-widget-heading\" data-id=\"0ef9268\" data-element_type=\"widget\" data-e-type=\"widget\" data-widget_type=\"heading.default\">\n\t\t\t\t<div class=\"elementor-widget-container\">\n\t\t\t\t\t<h2 class=\"elementor-heading-title elementor-size-default\">Pol\u00edtica de calidad<\/h2>\t\t\t\t<\/div>\n\t\t\t\t<\/div>\n\t\t\t\t\t<\/div>\n\t\t<\/div>\n\t\t\t\t\t<\/div>\n\t\t<\/section>\n\t\t\t\t<section class=\"elementor-section elementor-top-section elementor-element elementor-element-faeafff elementor-section-boxed elementor-section-height-default elementor-section-height-default\" data-id=\"faeafff\" data-element_type=\"section\" data-e-type=\"section\">\n\t\t\t\t\t\t<div class=\"elementor-container elementor-column-gap-default\">\n\t\t\t\t\t<div class=\"elementor-column elementor-col-100 elementor-top-column elementor-element elementor-element-3decd65\" data-id=\"3decd65\" data-element_type=\"column\" data-e-type=\"column\">\n\t\t\t<div class=\"elementor-widget-wrap elementor-element-populated\">\n\t\t\t\t\t\t<div class=\"elementor-element elementor-element-35c02e5 elementor-widget elementor-widget-text-editor\" data-id=\"35c02e5\" data-element_type=\"widget\" data-e-type=\"widget\" data-widget_type=\"text-editor.default\">\n\t\t\t\t<div class=\"elementor-widget-container\">\n\t\t\t\t\t\t\t\t\t<p>\u00a0<\/p><p>La direcci\u00f3n de la empresa manifiesta que la <b>calidad forma parte prioritaria de su estrategia empresarial<\/b>. Queremos que nuestros servicios satisfagan a nuestros clientes, que encuentren en nosotros un proveedor eficaz, con la finalidad de alcanzar, con paso firme, una posici\u00f3n de liderazgo en el mercado.<\/p><p>Nos comprometemos a proporcionar nuestros servicios de acuerdo con los requisitos acordados con nuestros clientes, respetando el marco legal y mejorando continuamente la eficacia de nuestro <b>Sistema de Gesti\u00f3n de la Calidad<\/b>.<\/p><p>Por ello, pretendemos ser \u00e1giles en un servicio libre de errores y ser exquisitos con la adecuaci\u00f3n de nuestros servicios e instalaciones respecto a la reglamentaci\u00f3n que nos aplica.<\/p><p>Se pone esta Pol\u00edtica de Calidad a disposici\u00f3n de las partes interesadas, siendo la referencia para orientar los objetivos hacia el logro del desarrollo de la empresa. Con el prop\u00f3sito de informar adecuadamente al personal e implicarlo, se establecer\u00e1n los canales de informaci\u00f3n necesarios, facilitando el entendimiento de los objetivos, pol\u00edticas, estrategias y prop\u00f3sitos de la empresa.<\/p><p>Fdo.<\/p><p>Gerente<\/p>\t\t\t\t\t\t\t\t<\/div>\n\t\t\t\t<\/div>\n\t\t\t\t\t<\/div>\n\t\t<\/div>\n\t\t\t\t\t<\/div>\n\t\t<\/section>\n\t\t\t\t<\/div>\n\t\t","protected":false},"excerpt":{"rendered":"<p>Pol\u00edtica de calidad \u00a0 La direcci\u00f3n de la empresa manifiesta que la calidad forma parte prioritaria de su estrategia empresarial. Queremos que nuestros servicios satisfagan a nuestros clientes, que encuentren en nosotros un proveedor eficaz, con la finalidad de alcanzar, con paso firme, una posici\u00f3n de liderazgo en el mercado. Nos comprometemos a proporcionar nuestros &hellip;<\/p>\n<p class=\"read-more\"> <a class=\"\" href=\"https:\/\/acsinserta.com\/index.php\/politica-de-calidad\/\"> <span class=\"screen-reader-text\">Pol\u00edtica de calidad<\/span> Leer m\u00e1s &raquo;<\/a><\/p>\n","protected":false},"author":1,"featured_media":0,"parent":0,"menu_order":0,"comment_status":"closed","ping_status":"closed","template":"","meta":{"site-sidebar-layout":"no-sidebar","site-content-layout":"page-builder","ast-global-header-display":"","ast-banner-title-visibility":"","ast-main-header-display":"","ast-hfb-above-header-display":"","ast-hfb-below-header-display":"","ast-hfb-mobile-header-display":"","site-post-title":"disabled","ast-breadcrumbs-content":"","ast-featured-img":"disabled","footer-sml-layout":"","theme-transparent-header-meta":"","adv-header-id-meta":"","stick-header-meta":"","header-above-stick-meta":"","header-main-stick-meta":"","header-below-stick-meta":"","footnotes":""},"class_list":["post-1263","page","type-page","status-publish","hentry"],"yoast_head":"<!-- This site is optimized with the Yoast SEO plugin v27.3 - https:\/\/yoast.com\/product\/yoast-seo-wordpress\/ -->\n<title>Pol\u00edtica de calidad - ACS Inserta<\/title>\n<meta name=\"robots\" content=\"index, follow, max-snippet:-1, max-image-preview:large, max-video-preview:-1\" \/>\n<link rel=\"canonical\" href=\"https:\/\/acsinserta.com\/index.php\/politica-de-calidad\/\" \/>\n<meta property=\"og:locale\" content=\"es_ES\" \/>\n<meta property=\"og:type\" content=\"article\" \/>\n<meta property=\"og:title\" content=\"Pol\u00edtica de calidad - ACS Inserta\" \/>\n<meta property=\"og:description\" content=\"Pol\u00edtica de calidad \u00a0 La direcci\u00f3n de la empresa manifiesta que la calidad forma parte prioritaria de su estrategia empresarial. Queremos que nuestros servicios satisfagan a nuestros clientes, que encuentren en nosotros un proveedor eficaz, con la finalidad de alcanzar, con paso firme, una posici\u00f3n de liderazgo en el mercado. Nos comprometemos a proporcionar nuestros &hellip; Pol\u00edtica de calidad Leer m\u00e1s &raquo;\" \/>\n<meta property=\"og:url\" content=\"https:\/\/acsinserta.com\/index.php\/politica-de-calidad\/\" \/>\n<meta property=\"og:site_name\" content=\"ACS Inserta\" \/>\n<meta property=\"article:publisher\" content=\"https:\/\/www.facebook.com\/afs.cee\" \/>\n<meta property=\"article:modified_time\" content=\"2023-09-11T07:28:53+00:00\" \/>\n<meta name=\"twitter:card\" content=\"summary_large_image\" \/>\n<meta name=\"twitter:label1\" content=\"Tiempo de lectura\" \/>\n\t<meta name=\"twitter:data1\" content=\"1 minuto\" \/>\n<script type=\"application\/ld+json\" class=\"yoast-schema-graph\">{\"@context\":\"https:\\\/\\\/schema.org\",\"@graph\":[{\"@type\":\"WebPage\",\"@id\":\"https:\\\/\\\/acsinserta.com\\\/index.php\\\/politica-de-calidad\\\/\",\"url\":\"https:\\\/\\\/acsinserta.com\\\/index.php\\\/politica-de-calidad\\\/\",\"name\":\"Pol\u00edtica de calidad - ACS Inserta\",\"isPartOf\":{\"@id\":\"https:\\\/\\\/acsinserta.com\\\/#website\"},\"datePublished\":\"2023-09-11T07:27:47+00:00\",\"dateModified\":\"2023-09-11T07:28:53+00:00\",\"breadcrumb\":{\"@id\":\"https:\\\/\\\/acsinserta.com\\\/index.php\\\/politica-de-calidad\\\/#breadcrumb\"},\"inLanguage\":\"es\",\"potentialAction\":[{\"@type\":\"ReadAction\",\"target\":[\"https:\\\/\\\/acsinserta.com\\\/index.php\\\/politica-de-calidad\\\/\"]}]},{\"@type\":\"BreadcrumbList\",\"@id\":\"https:\\\/\\\/acsinserta.com\\\/index.php\\\/politica-de-calidad\\\/#breadcrumb\",\"itemListElement\":[{\"@type\":\"ListItem\",\"position\":1,\"name\":\"Portada\",\"item\":\"https:\\\/\\\/acsinserta.com\\\/\"},{\"@type\":\"ListItem\",\"position\":2,\"name\":\"Pol\u00edtica de calidad\"}]},{\"@type\":\"WebSite\",\"@id\":\"https:\\\/\\\/acsinserta.com\\\/#website\",\"url\":\"https:\\\/\\\/acsinserta.com\\\/\",\"name\":\"ACS Inserta\",\"description\":\"Centro especial de empleo y servicios integrales\",\"publisher\":{\"@id\":\"https:\\\/\\\/acsinserta.com\\\/#organization\"},\"potentialAction\":[{\"@type\":\"SearchAction\",\"target\":{\"@type\":\"EntryPoint\",\"urlTemplate\":\"https:\\\/\\\/acsinserta.com\\\/?s={search_term_string}\"},\"query-input\":{\"@type\":\"PropertyValueSpecification\",\"valueRequired\":true,\"valueName\":\"search_term_string\"}}],\"inLanguage\":\"es\"},{\"@type\":\"Organization\",\"@id\":\"https:\\\/\\\/acsinserta.com\\\/#organization\",\"name\":\"ACS Inserta\",\"url\":\"https:\\\/\\\/acsinserta.com\\\/\",\"logo\":{\"@type\":\"ImageObject\",\"inLanguage\":\"es\",\"@id\":\"https:\\\/\\\/acsinserta.com\\\/#\\\/schema\\\/logo\\\/image\\\/\",\"url\":\"https:\\\/\\\/acsinserta.com\\\/wp-content\\\/uploads\\\/2023\\\/02\\\/LogoACSINSERTA.png\",\"contentUrl\":\"https:\\\/\\\/acsinserta.com\\\/wp-content\\\/uploads\\\/2023\\\/02\\\/LogoACSINSERTA.png\",\"width\":300,\"height\":170,\"caption\":\"ACS Inserta\"},\"image\":{\"@id\":\"https:\\\/\\\/acsinserta.com\\\/#\\\/schema\\\/logo\\\/image\\\/\"},\"sameAs\":[\"https:\\\/\\\/www.facebook.com\\\/afs.cee\"]}]}<\/script>\n<!-- \/ Yoast SEO plugin. -->","yoast_head_json":{"title":"Pol\u00edtica de calidad - ACS Inserta","robots":{"index":"index","follow":"follow","max-snippet":"max-snippet:-1","max-image-preview":"max-image-preview:large","max-video-preview":"max-video-preview:-1"},"canonical":"https:\/\/acsinserta.com\/index.php\/politica-de-calidad\/","og_locale":"es_ES","og_type":"article","og_title":"Pol\u00edtica de calidad - ACS Inserta","og_description":"Pol\u00edtica de calidad \u00a0 La direcci\u00f3n de la empresa manifiesta que la calidad forma parte prioritaria de su estrategia empresarial. Queremos que nuestros servicios satisfagan a nuestros clientes, que encuentren en nosotros un proveedor eficaz, con la finalidad de alcanzar, con paso firme, una posici\u00f3n de liderazgo en el mercado. Nos comprometemos a proporcionar nuestros &hellip; Pol\u00edtica de calidad Leer m\u00e1s &raquo;","og_url":"https:\/\/acsinserta.com\/index.php\/politica-de-calidad\/","og_site_name":"ACS Inserta","article_publisher":"https:\/\/www.facebook.com\/afs.cee","article_modified_time":"2023-09-11T07:28:53+00:00","twitter_card":"summary_large_image","twitter_misc":{"Tiempo de lectura":"1 minuto"},"schema":{"@context":"https:\/\/schema.org","@graph":[{"@type":"WebPage","@id":"https:\/\/acsinserta.com\/index.php\/politica-de-calidad\/","url":"https:\/\/acsinserta.com\/index.php\/politica-de-calidad\/","name":"Pol\u00edtica de calidad - ACS Inserta","isPartOf":{"@id":"https:\/\/acsinserta.com\/#website"},"datePublished":"2023-09-11T07:27:47+00:00","dateModified":"2023-09-11T07:28:53+00:00","breadcrumb":{"@id":"https:\/\/acsinserta.com\/index.php\/politica-de-calidad\/#breadcrumb"},"inLanguage":"es","potentialAction":[{"@type":"ReadAction","target":["https:\/\/acsinserta.com\/index.php\/politica-de-calidad\/"]}]},{"@type":"BreadcrumbList","@id":"https:\/\/acsinserta.com\/index.php\/politica-de-calidad\/#breadcrumb","itemListElement":[{"@type":"ListItem","position":1,"name":"Portada","item":"https:\/\/acsinserta.com\/"},{"@type":"ListItem","position":2,"name":"Pol\u00edtica de calidad"}]},{"@type":"WebSite","@id":"https:\/\/acsinserta.com\/#website","url":"https:\/\/acsinserta.com\/","name":"ACS Inserta","description":"Centro especial de empleo y servicios integrales","publisher":{"@id":"https:\/\/acsinserta.com\/#organization"},"potentialAction":[{"@type":"SearchAction","target":{"@type":"EntryPoint","urlTemplate":"https:\/\/acsinserta.com\/?s={search_term_string}"},"query-input":{"@type":"PropertyValueSpecification","valueRequired":true,"valueName":"search_term_string"}}],"inLanguage":"es"},{"@type":"Organization","@id":"https:\/\/acsinserta.com\/#organization","name":"ACS Inserta","url":"https:\/\/acsinserta.com\/","logo":{"@type":"ImageObject","inLanguage":"es","@id":"https:\/\/acsinserta.com\/#\/schema\/logo\/image\/","url":"https:\/\/acsinserta.com\/wp-content\/uploads\/2023\/02\/LogoACSINSERTA.png","contentUrl":"https:\/\/acsinserta.com\/wp-content\/uploads\/2023\/02\/LogoACSINSERTA.png","width":300,"height":170,"caption":"ACS Inserta"},"image":{"@id":"https:\/\/acsinserta.com\/#\/schema\/logo\/image\/"},"sameAs":["https:\/\/www.facebook.com\/afs.cee"]}]}},"_links":{"self":[{"href":"https:\/\/acsinserta.com\/index.php\/wp-json\/wp\/v2\/pages\/1263","targetHints":{"allow":["GET"]}}],"collection":[{"href":"https:\/\/acsinserta.com\/index.php\/wp-json\/wp\/v2\/pages"}],"about":[{"href":"https:\/\/acsinserta.com\/index.php\/wp-json\/wp\/v2\/types\/page"}],"author":[{"embeddable":true,"href":"https:\/\/acsinserta.com\/index.php\/wp-json\/wp\/v2\/users\/1"}],"replies":[{"embeddable":true,"href":"https:\/\/acsinserta.com\/index.php\/wp-json\/wp\/v2\/comments?post=1263"}],"version-history":[{"count":8,"href":"https:\/\/acsinserta.com\/index.php\/wp-json\/wp\/v2\/pages\/1263\/revisions"}],"predecessor-version":[{"id":1271,"href":"https:\/\/acsinserta.com\/index.php\/wp-json\/wp\/v2\/pages\/1263\/revisions\/1271"}],"wp:attachment":[{"href":"https:\/\/acsinserta.com\/index.php\/wp-json\/wp\/v2\/media?parent=1263"}],"curies":[{"name":"wp","href":"https:\/\/api.w.org\/{rel}","templated":true}]}}